{"id":2226,"date":"2023-05-17T15:07:34","date_gmt":"2023-05-17T13:07:34","guid":{"rendered":"https:\/\/www.mega-umform.de\/?page_id=2226"},"modified":"2024-12-18T10:39:15","modified_gmt":"2024-12-18T09:39:15","slug":"stamping","status":"publish","type":"page","link":"https:\/\/www.mega-umform.de\/en\/stamping\/","title":{"rendered":"Stamping"},"content":{"rendered":"<p>[et_pb_section fb_built=&#8221;1&#8243; fullwidth=&#8221;on&#8221; module_class=&#8221;ds-fw-slider-header&#8221; _builder_version=&#8221;4.16&#8243; _module_preset=&#8221;default&#8221; module_alignment=&#8221;left&#8221; locked=&#8221;off&#8221; global_colors_info=&#8221;{}&#8221;][et_pb_fullwidth_slider show_arrows=&#8221;off&#8221; _builder_version=&#8221;4.27.4&#8243; _module_preset=&#8221;default&#8221; height=&#8221;630px&#8221; height_tablet=&#8221;&#8221; height_phone=&#8221;&#8221; height_last_edited=&#8221;on|desktop&#8221; auto=&#8221;on&#8221; auto_speed=&#8221;5000&#8243; hover_enabled=&#8221;0&#8243; custom_css_slide_description=&#8221;width: 80%;||max-width: 1080px;||margin: 0 auto;&#8221; global_colors_info=&#8221;{}&#8221; sticky_enabled=&#8221;0&#8243;][et_pb_slide content_tablet=&#8221;<\/p>\n<p style=%22text-align: left; font-family: 'Source Sans Pro'; font-style: normal; font-weight: bold;%22><span class=%22line-highlight1%22>Stamped and bent parts <\/span><br \/><span class=%22line-highlight1%22>up to 5mm material <\/span><br \/><span class=%22line-highlight1%22>thickness<br \/><\/span><\/span><\/span><\/p>\n<p>&#8221; content_phone=&#8221;<\/p>\n<p style=%22text-align: left; font-family: 'Source Sans Pro'; font-style: normal; font-weight: bold;%22><span class=%22line-highlight1%22>Stamped and bent <\/span><br \/><span class=%22line-highlight1%22>parts <\/span><br \/><span class=%22line-highlight1%22>up to 5mm material <\/span><br \/><span class=%22line-highlight1%22><span class=%22line-highlight1%22>thickness<br \/><\/span><\/span><\/span><\/span><\/span><\/p>\n<p>&#8221; content_last_edited=&#8221;on|phone&#8221; _builder_version=&#8221;4.27.4&#8243; _module_preset=&#8221;default&#8221; body_font=&#8221;|||on|||||&#8221; body_text_color=&#8221;#FFFFFF&#8221; body_font_size=&#8221;57px&#8221; background_enable_color=&#8221;off&#8221; background_image=&#8221;https:\/\/www.mega-umform.de\/wp-content\/uploads\/2023\/05\/KSM_19_FG_alle.jpg&#8221; background_enable_image=&#8221;on&#8221; text_orientation=&#8221;left&#8221; custom_padding=&#8221;||||false|false&#8221; hover_enabled=&#8221;0&#8243; body_font_size_tablet=&#8221;38px&#8221; body_font_size_phone=&#8221;24px&#8221; body_font_size_last_edited=&#8221;on|phone&#8221; global_colors_info=&#8221;{}&#8221; sticky_transition=&#8221;on&#8221; sticky_enabled=&#8221;0&#8243;]<\/p>\n<p style=\"text-align: left; font-family: 'Source Sans Pro'; font-style: normal; font-weight: bold;\"><span class=\"line-highlight1\">Stamped and bent parts <\/span><br \/><span class=\"line-highlight1\">up to 5.0 mm material thickness<br \/><\/span><\/p>\n<p>[\/et_pb_slide][\/et_pb_fullwidth_slider][\/et_pb_section][et_pb_section fb_built=&#8221;1&#8243; _builder_version=&#8221;4.19.0&#8243; _module_preset=&#8221;default&#8221; global_colors_info=&#8221;{}&#8221;][et_pb_row column_structure=&#8221;1_2,1_2&#8243; _builder_version=&#8221;4.19.0&#8243; _module_preset=&#8221;default&#8221; global_colors_info=&#8221;{}&#8221;][et_pb_column type=&#8221;1_2&#8243; _builder_version=&#8221;4.19.0&#8243; _module_preset=&#8221;default&#8221; global_colors_info=&#8221;{}&#8221;][et_pb_text _builder_version=&#8221;4.21.0&#8243; _dynamic_attributes=&#8221;content&#8221; _module_preset=&#8221;default&#8221; header_font_size=&#8221;48px&#8221; header_font_size_tablet=&#8221;36px&#8221; header_font_size_phone=&#8221;28px&#8221; header_font_size_last_edited=&#8221;on|phone&#8221; global_colors_info=&#8221;{}&#8221;]@ET-DC@eyJkeW5hbWljIjp0cnVlLCJjb250ZW50IjoicG9zdF90aXRsZSIsInNldHRpbmdzIjp7ImJlZm9yZSI6IjxoMT4iLCJhZnRlciI6IjwvaDE+In19@[\/et_pb_text][et_pb_text _builder_version=&#8221;4.21.0&#8243; _module_preset=&#8221;default&#8221; global_colors_info=&#8221;{}&#8221;]<\/p>\n<p>We work with all marketable steels, stainless steel, aluminium, non-ferrous metal as well as several synthetic materials such as Nylatron, Hostaphan etc.<\/p>\n<p>Depending on the material and geometry of our parts we can stamp materials with a thickness up tp 5,0 mm with our machine facilities. Due to the alignment of our production we are able to produce small quantities as well as medium and large series from high quality progressive dies.<\/p>\n<p>With our tool construction we can tailor all tools to your specific requirements.<\/p>\n<p>Our facility consists of 35 stamping machines with pressure between 40-160 tons.<\/p>\n<p>Beside numerous hydraulic stamping machines there exists many infeed presses for downstream operations such as bending, threading, leveling etc. Therefore, we are also able to produce small scale parts.<\/p>\n<p>Whereby we are able to produce parts economical.<\/p>\n<p>As an alternative to the classic bulk material, we also produce \u201ecoil goods\u201c for numerous customers, which are otimally suited for automated processing.<\/p>\n<p>[\/et_pb_text][\/et_pb_column][et_pb_column type=&#8221;1_2&#8243; _builder_version=&#8221;4.19.0&#8243; _module_preset=&#8221;default&#8221; global_colors_info=&#8221;{}&#8221;][et_pb_image src=&#8221;https:\/\/www.mega-umform.de\/wp-content\/uploads\/2023\/05\/Cupholder.jpg&#8221; alt=&#8221;Stanzen&#8221; title_text=&#8221;Cupholder&#8221; _builder_version=&#8221;4.21.0&#8243; _module_preset=&#8221;default&#8221; global_colors_info=&#8221;{}&#8221;][\/et_pb_image][et_pb_text _builder_version=&#8221;4.21.0&#8243; _module_preset=&#8221;default&#8221; global_colors_info=&#8221;{}&#8221;]We would be pleased to assist you as a partner during your development phase![\/et_pb_text][et_pb_text _builder_version=&#8221;4.21.0&#8243; _module_preset=&#8221;default&#8221; text_text_color=&#8221;#266EB6&#8243; text_font_size=&#8221;1.3em&#8221; global_colors_info=&#8221;{}&#8221;]Use our Know-how to your advantage![\/et_pb_text][\/et_pb_column][\/et_pb_row][et_pb_row _builder_version=&#8221;4.19.1&#8243; _module_preset=&#8221;default&#8221; global_colors_info=&#8221;{}&#8221;][et_pb_column type=&#8221;4_4&#8243; _builder_version=&#8221;4.19.1&#8243; _module_preset=&#8221;default&#8221; global_colors_info=&#8221;{}&#8221;][et_pb_button button_url=&#8221;\/en\/contact\/&#8221; button_text=&#8221;Contact us now&#8221; disabled_on=&#8221;off|off|off&#8221; _builder_version=&#8221;4.21.0&#8243; _module_preset=&#8221;default&#8221; custom_button=&#8221;on&#8221; button_text_color=&#8221;#FFFFFF&#8221; button_bg_color=&#8221;#434343&#8243; button_border_width=&#8221;0px&#8221; button_border_color=&#8221;RGBA(0,0,0,0)&#8221; button_border_radius=&#8221;0px&#8221; button_font=&#8221;|||on|||||&#8221; button_icon=&#8221;&#x35;||divi||400&#8243; button_icon_color=&#8221;#FFFFFF&#8221; global_colors_info=&#8221;{}&#8221;][\/et_pb_button][\/et_pb_column][\/et_pb_row][\/et_pb_section][et_pb_section fb_built=&#8221;1&#8243; _builder_version=&#8221;4.20.2&#8243; _module_preset=&#8221;default&#8221; custom_padding=&#8221;0px|10%||10%|false|true&#8221; custom_css_main_element=&#8221;display: flex;||flex-direction: row;||justify-content: space-between;||align-items: center;||flex-wrap: wrap;&#8221; global_colors_info=&#8221;{}&#8221;][et_pb_row _builder_version=&#8221;4.21.0&#8243; _module_preset=&#8221;default&#8221; max_width=&#8221;100px&#8221; global_colors_info=&#8221;{}&#8221;][et_pb_column type=&#8221;4_4&#8243; _builder_version=&#8221;4.20.2&#8243; _module_preset=&#8221;default&#8221; global_colors_info=&#8221;{}&#8221;][et_pb_image src=&#8221;https:\/\/www.mega-umform.de\/wp-content\/uploads\/2023\/05\/Abschirmblech.jpg&#8221; alt=&#8221;Abschirmblech&#8221; title_text=&#8221;Abschirmblech&#8221; show_in_lightbox=&#8221;on&#8221; align=&#8221;center&#8221; _builder_version=&#8221;4.21.0&#8243; _module_preset=&#8221;default&#8221; max_width=&#8221;100%&#8221; box_shadow_style=&#8221;preset1&#8243; box_shadow_color=&#8221;#FFFFFF&#8221; global_colors_info=&#8221;{}&#8221; transform_styles__hover_enabled=&#8221;on|hover&#8221; transform_scale__hover_enabled=&#8221;on|hover&#8221; transform_translate__hover_enabled=&#8221;on|desktop&#8221; transform_rotate__hover_enabled=&#8221;on|desktop&#8221; transform_skew__hover_enabled=&#8221;on|desktop&#8221; transform_origin__hover_enabled=&#8221;on|desktop&#8221; transform_scale__hover=&#8221;105%|105%&#8221; box_shadow_color__hover_enabled=&#8221;on|hover&#8221; box_shadow_color__hover=&#8221;rgba(0,0,0,0.2)&#8221;][\/et_pb_image][\/et_pb_column][\/et_pb_row][et_pb_row _builder_version=&#8221;4.21.0&#8243; _module_preset=&#8221;default&#8221; max_width=&#8221;100px&#8221; global_colors_info=&#8221;{}&#8221;][et_pb_column type=&#8221;4_4&#8243; _builder_version=&#8221;4.20.2&#8243; _module_preset=&#8221;default&#8221; global_colors_info=&#8221;{}&#8221;][et_pb_image src=&#8221;https:\/\/www.mega-umform.de\/wp-content\/uploads\/2023\/05\/Blchrahmen.jpg&#8221; alt=&#8221;Blechrahmen&#8221; title_text=&#8221;Blchrahmen&#8221; show_in_lightbox=&#8221;on&#8221; align=&#8221;center&#8221; _builder_version=&#8221;4.21.0&#8243; _module_preset=&#8221;default&#8221; max_width=&#8221;100%&#8221; box_shadow_style=&#8221;preset1&#8243; box_shadow_color=&#8221;#FFFFFF&#8221; global_colors_info=&#8221;{}&#8221; transform_styles__hover_enabled=&#8221;on|hover&#8221; transform_scale__hover_enabled=&#8221;on|hover&#8221; transform_translate__hover_enabled=&#8221;on|desktop&#8221; transform_rotate__hover_enabled=&#8221;on|desktop&#8221; transform_skew__hover_enabled=&#8221;on|desktop&#8221; transform_origin__hover_enabled=&#8221;on|desktop&#8221; transform_scale__hover=&#8221;105%|105%&#8221; box_shadow_color__hover_enabled=&#8221;on|hover&#8221; box_shadow_color__hover=&#8221;rgba(0,0,0,0.2)&#8221;][\/et_pb_image][\/et_pb_column][\/et_pb_row][et_pb_row _builder_version=&#8221;4.21.0&#8243; _module_preset=&#8221;default&#8221; max_width=&#8221;100px&#8221; global_colors_info=&#8221;{}&#8221;][et_pb_column type=&#8221;4_4&#8243; _builder_version=&#8221;4.20.2&#8243; _module_preset=&#8221;default&#8221; global_colors_info=&#8221;{}&#8221;][et_pb_image src=&#8221;https:\/\/www.mega-umform.de\/wp-content\/uploads\/2023\/05\/Diverse_Stanzteile.jpg&#8221; alt=&#8221;Stanzteile&#8221; title_text=&#8221;Diverse_Stanzteile&#8221; show_in_lightbox=&#8221;on&#8221; align=&#8221;center&#8221; _builder_version=&#8221;4.21.0&#8243; _module_preset=&#8221;default&#8221; max_width=&#8221;100%&#8221; box_shadow_style=&#8221;preset1&#8243; box_shadow_color=&#8221;#FFFFFF&#8221; global_colors_info=&#8221;{}&#8221; transform_styles__hover_enabled=&#8221;on|hover&#8221; transform_scale__hover_enabled=&#8221;on|hover&#8221; transform_translate__hover_enabled=&#8221;on|desktop&#8221; transform_rotate__hover_enabled=&#8221;on|desktop&#8221; transform_skew__hover_enabled=&#8221;on|desktop&#8221; transform_origin__hover_enabled=&#8221;on|desktop&#8221; transform_scale__hover=&#8221;105%|105%&#8221; box_shadow_color__hover_enabled=&#8221;on|hover&#8221; box_shadow_color__hover=&#8221;rgba(0,0,0,0.2)&#8221;][\/et_pb_image][\/et_pb_column][\/et_pb_row][et_pb_row _builder_version=&#8221;4.21.0&#8243; _module_preset=&#8221;default&#8221; max_width=&#8221;100px&#8221; global_colors_info=&#8221;{}&#8221;][et_pb_column type=&#8221;4_4&#8243; _builder_version=&#8221;4.20.2&#8243; _module_preset=&#8221;default&#8221; global_colors_info=&#8221;{}&#8221;][et_pb_image src=&#8221;https:\/\/www.mega-umform.de\/wp-content\/uploads\/2023\/05\/H-Lamellen.jpg&#8221; alt=&#8221;H-Lamellen&#8221; title_text=&#8221;H-Lamellen&#8221; show_in_lightbox=&#8221;on&#8221; align=&#8221;center&#8221; _builder_version=&#8221;4.21.0&#8243; _module_preset=&#8221;default&#8221; max_width=&#8221;100%&#8221; box_shadow_style=&#8221;preset1&#8243; box_shadow_color=&#8221;#FFFFFF&#8221; global_colors_info=&#8221;{}&#8221; transform_styles__hover_enabled=&#8221;on|hover&#8221; transform_scale__hover_enabled=&#8221;on|hover&#8221; transform_translate__hover_enabled=&#8221;on|desktop&#8221; transform_rotate__hover_enabled=&#8221;on|desktop&#8221; transform_skew__hover_enabled=&#8221;on|desktop&#8221; transform_origin__hover_enabled=&#8221;on|desktop&#8221; transform_scale__hover=&#8221;105%|105%&#8221; box_shadow_color__hover_enabled=&#8221;on|hover&#8221; box_shadow_color__hover=&#8221;rgba(0,0,0,0.2)&#8221;][\/et_pb_image][\/et_pb_column][\/et_pb_row][et_pb_row _builder_version=&#8221;4.21.0&#8243; _module_preset=&#8221;default&#8221; max_width=&#8221;100px&#8221; global_colors_info=&#8221;{}&#8221;][et_pb_column type=&#8221;4_4&#8243; _builder_version=&#8221;4.20.2&#8243; _module_preset=&#8221;default&#8221; global_colors_info=&#8221;{}&#8221;][et_pb_image src=&#8221;https:\/\/www.mega-umform.de\/wp-content\/uploads\/2023\/05\/Halter.jpg&#8221; alt=&#8221;Halter&#8221; title_text=&#8221;Halter&#8221; show_in_lightbox=&#8221;on&#8221; align=&#8221;center&#8221; _builder_version=&#8221;4.21.0&#8243; _module_preset=&#8221;default&#8221; max_width=&#8221;100%&#8221; box_shadow_style=&#8221;preset1&#8243; box_shadow_color=&#8221;#FFFFFF&#8221; global_colors_info=&#8221;{}&#8221; transform_styles__hover_enabled=&#8221;on|hover&#8221; transform_scale__hover_enabled=&#8221;on|hover&#8221; transform_translate__hover_enabled=&#8221;on|desktop&#8221; transform_rotate__hover_enabled=&#8221;on|desktop&#8221; transform_skew__hover_enabled=&#8221;on|desktop&#8221; transform_origin__hover_enabled=&#8221;on|desktop&#8221; transform_scale__hover=&#8221;105%|105%&#8221; box_shadow_color__hover_enabled=&#8221;on|hover&#8221; box_shadow_color__hover=&#8221;rgba(0,0,0,0.2)&#8221;][\/et_pb_image][\/et_pb_column][\/et_pb_row][et_pb_row _builder_version=&#8221;4.21.0&#8243; _module_preset=&#8221;default&#8221; max_width=&#8221;100px&#8221; global_colors_info=&#8221;{}&#8221;][et_pb_column type=&#8221;4_4&#8243; _builder_version=&#8221;4.20.2&#8243; _module_preset=&#8221;default&#8221; global_colors_info=&#8221;{}&#8221;][et_pb_image src=&#8221;https:\/\/www.mega-umform.de\/wp-content\/uploads\/2023\/05\/Kerne.jpg&#8221; alt=&#8221;Kerne&#8221; title_text=&#8221;Kerne&#8221; show_in_lightbox=&#8221;on&#8221; align=&#8221;center&#8221; _builder_version=&#8221;4.21.0&#8243; _module_preset=&#8221;default&#8221; max_width=&#8221;100%&#8221; box_shadow_style=&#8221;preset1&#8243; box_shadow_color=&#8221;#FFFFFF&#8221; global_colors_info=&#8221;{}&#8221; transform_styles__hover_enabled=&#8221;on|hover&#8221; transform_scale__hover_enabled=&#8221;on|hover&#8221; transform_translate__hover_enabled=&#8221;on|desktop&#8221; transform_rotate__hover_enabled=&#8221;on|desktop&#8221; transform_skew__hover_enabled=&#8221;on|desktop&#8221; transform_origin__hover_enabled=&#8221;on|desktop&#8221; transform_scale__hover=&#8221;105%|105%&#8221; box_shadow_color__hover_enabled=&#8221;on|hover&#8221; box_shadow_color__hover=&#8221;rgba(0,0,0,0.2)&#8221;][\/et_pb_image][\/et_pb_column][\/et_pb_row][et_pb_row _builder_version=&#8221;4.21.0&#8243; _module_preset=&#8221;default&#8221; max_width=&#8221;100px&#8221; global_colors_info=&#8221;{}&#8221;][et_pb_column type=&#8221;4_4&#8243; _builder_version=&#8221;4.20.2&#8243; _module_preset=&#8221;default&#8221; global_colors_info=&#8221;{}&#8221;][et_pb_image src=&#8221;https:\/\/www.mega-umform.de\/wp-content\/uploads\/2023\/05\/Tiefziehteile.jpg&#8221; alt=&#8221;Tiefziehteile&#8221; title_text=&#8221;Tiefziehteile&#8221; show_in_lightbox=&#8221;on&#8221; align=&#8221;center&#8221; _builder_version=&#8221;4.21.0&#8243; _module_preset=&#8221;default&#8221; max_width=&#8221;100%&#8221; box_shadow_style=&#8221;preset1&#8243; box_shadow_color=&#8221;#FFFFFF&#8221; global_colors_info=&#8221;{}&#8221; transform_styles__hover_enabled=&#8221;on|hover&#8221; transform_scale__hover_enabled=&#8221;on|hover&#8221; transform_translate__hover_enabled=&#8221;on|desktop&#8221; transform_rotate__hover_enabled=&#8221;on|desktop&#8221; transform_skew__hover_enabled=&#8221;on|desktop&#8221; transform_origin__hover_enabled=&#8221;on|desktop&#8221; transform_scale__hover=&#8221;105%|105%&#8221; box_shadow_color__hover_enabled=&#8221;on|hover&#8221; box_shadow_color__hover=&#8221;rgba(0,0,0,0.2)&#8221;][\/et_pb_image][\/et_pb_column][\/et_pb_row][\/et_pb_section]<\/p>\n","protected":false},"excerpt":{"rendered":"<p>Stamped and bent parts up to 5.0 mm material thicknessWe work with all marketable steels, stainless steel, aluminium, non-ferrous metal as well as several synthetic materials such as Nylatron, Hostaphan etc. Depending on the material and geometry of our parts we can stamp materials with a thickness up tp 5,0 mm with our machine facilities. [&hellip;]<\/p>\n","protected":false},"author":2,"featured_media":0,"parent":0,"menu_order":0,"comment_status":"closed","ping_status":"closed","template":"","meta":{"_et_pb_use_builder":"on","_et_pb_old_content":"<p>[et_pb_section fb_built=\"1\" fullwidth=\"on\" module_class=\"ds-fw-slider-header\" _builder_version=\"4.16\" _module_preset=\"default\" module_alignment=\"left\" locked=\"off\" global_colors_info=\"{}\"][et_pb_fullwidth_slider show_arrows=\"off\" _builder_version=\"4.21.0\" _module_preset=\"default\" height=\"630px\" height_tablet=\"\" height_phone=\"\" height_last_edited=\"on|desktop\" auto=\"on\" auto_speed=\"5000\" custom_css_slide_description=\"width: 80%;||max-width: 1080px;||margin: 0 auto;\" global_colors_info=\"{}\"][et_pb_slide _builder_version=\"4.21.0\" _module_preset=\"default\" body_font=\"|||on|||||\" body_text_color=\"#FFFFFF\" body_font_size=\"57px\" background_enable_color=\"off\" background_image=\"https:\/\/www.mega-umform.de\/wp-content\/uploads\/2023\/05\/KSM_19_FG_alle.jpg\" background_enable_image=\"on\" text_orientation=\"left\" custom_padding=\"||||false|false\" body_font_size_tablet=\"38px\" body_font_size_phone=\"24px\" body_font_size_last_edited=\"on|phone\" global_colors_info=\"{}\" sticky_transition=\"on\"]<\/p><p style=\"text-align: left; font-family: 'Source Sans Pro'; font-style: normal; font-weight: bold;\"><span class=\"line-highlight1\">Stanz- und Biegeteile<br \/>bis 5mm Materialst\u00e4rke<\/span><\/p><p>[\/et_pb_slide][\/et_pb_fullwidth_slider][\/et_pb_section][et_pb_section fb_built=\"1\" _builder_version=\"4.19.0\" _module_preset=\"default\" global_colors_info=\"{}\"][et_pb_row column_structure=\"1_2,1_2\" _builder_version=\"4.19.0\" _module_preset=\"default\" global_colors_info=\"{}\"][et_pb_column type=\"1_2\" _builder_version=\"4.19.0\" _module_preset=\"default\" global_colors_info=\"{}\"][et_pb_text _builder_version=\"4.21.0\" _dynamic_attributes=\"content\" _module_preset=\"default\" header_font_size=\"48px\" header_font_size_tablet=\"36px\" header_font_size_phone=\"28px\" header_font_size_last_edited=\"on|phone\" global_module=\"1221\" global_colors_info=\"{}\"]@ET-DC@eyJkeW5hbWljIjp0cnVlLCJjb250ZW50IjoicG9zdF90aXRsZSIsInNldHRpbmdzIjp7ImJlZm9yZSI6IjxoMT4iLCJhZnRlciI6IjwvaDE+In19@[\/et_pb_text][et_pb_text _builder_version=\"4.21.0\" _module_preset=\"default\" global_colors_info=\"{}\"]<\/p><p>Wir verarbeiten alle g\u00e4ngigen Stahlsorten, Edelst\u00e4hle, Buntmetalle sowie diverse Kunststoffe wie Nylatron, Hostaphan etc. Je nach Werkstoff und Geometrie der Teile k\u00f6nnen wir mit unserem Maschinenpark eine Materialst\u00e4rke von bis zu 5 mm verarbeiten.<\/p><p>Durch die Ausrichtung unserer Fertigung sind wir in der Lage, sowohl Kleinmengen mit Hilfswerkzeugen als auch Gro\u00dfserien aus anspruchsvollen Folgeverbund- oder Feinstanzwerkzeugen zu fertigen. Durch unseren eigenen Werkzeugbau k\u00f6nnen wir alle Werkzeuge speziell auf Ihre Anforderungen zuschneiden.<\/p><p>Unser Maschinenpark umfasst 35 Stanzautomaten von 40 bis 160 to. Presskraft. Neben zahlreichen hydraulischen Stanzautomaten befinden sich in unserem Maschinenpark viele Einlegepressen f\u00fcr nachgelagerte Arbeitsg\u00e4nge wie z.B. Biegen, Gewinden, Planieren etc. Damit sind wir in der Lage, auch Kleinserien wirtschaftlich zu fertigen.<\/p><p>Alternativ zum klassischen Sch\u00fcttgut fertigen wir f\u00fcr zahlreiche Kunden auch sogenannte \"gespulte Ware\", welche somit optimal zur automatisierten Verarbeitung geeignet ist.<\/p><p>[\/et_pb_text][\/et_pb_column][et_pb_column type=\"1_2\" _builder_version=\"4.19.0\" _module_preset=\"default\" global_colors_info=\"{}\"][et_pb_image src=\"https:\/\/www.mega-umform.de\/wp-content\/uploads\/2023\/05\/Cupholder.jpg\" alt=\"Stanzen\" title_text=\"Cupholder\" _builder_version=\"4.21.0\" _module_preset=\"default\" global_colors_info=\"{}\"][\/et_pb_image][et_pb_text _builder_version=\"4.21.0\" _module_preset=\"default\" global_colors_info=\"{}\"]<\/p><p>Gerne stehen wir Ihnen bereits in der Entwicklungsphase beratend als Partner zur Seite!<\/p><p>[\/et_pb_text][et_pb_text _builder_version=\"4.21.0\" _module_preset=\"default\" text_text_color=\"#266EB6\" text_font_size=\"1.3em\" global_colors_info=\"{}\"]<\/p><p>Nutzen Sie unser Know How zu Ihrem Vorteil!<\/p><p>[\/et_pb_text][\/et_pb_column][\/et_pb_row][et_pb_row _builder_version=\"4.19.1\" _module_preset=\"default\" global_colors_info=\"{}\"][et_pb_column type=\"4_4\" _builder_version=\"4.19.1\" _module_preset=\"default\" global_colors_info=\"{}\"][et_pb_button button_url=\"\/kontakt\/\" button_text=\"Jetzt Kontakt aufnehmen\" disabled_on=\"off|off|off\" _builder_version=\"4.19.1\" _module_preset=\"default\" custom_button=\"on\" button_text_color=\"#FFFFFF\" button_bg_color=\"#434343\" button_border_width=\"0px\" button_border_color=\"RGBA(0,0,0,0)\" button_border_radius=\"0px\" button_font=\"|||on|||||\" button_icon=\"5||divi||400\" button_icon_color=\"#FFFFFF\" global_colors_info=\"{}\"][\/et_pb_button][\/et_pb_column][\/et_pb_row][\/et_pb_section]<\/p>","_et_gb_content_width":"","footnotes":""},"class_list":["post-2226","page","type-page","status-publish","hentry"],"_links":{"self":[{"href":"https:\/\/www.mega-umform.de\/en\/wp-json\/wp\/v2\/pages\/2226","targetHints":{"allow":["GET"]}}],"collection":[{"href":"https:\/\/www.mega-umform.de\/en\/wp-json\/wp\/v2\/pages"}],"about":[{"href":"https:\/\/www.mega-umform.de\/en\/wp-json\/wp\/v2\/types\/page"}],"author":[{"embeddable":true,"href":"https:\/\/www.mega-umform.de\/en\/wp-json\/wp\/v2\/users\/2"}],"replies":[{"embeddable":true,"href":"https:\/\/www.mega-umform.de\/en\/wp-json\/wp\/v2\/comments?post=2226"}],"version-history":[{"count":13,"href":"https:\/\/www.mega-umform.de\/en\/wp-json\/wp\/v2\/pages\/2226\/revisions"}],"predecessor-version":[{"id":3076,"href":"https:\/\/www.mega-umform.de\/en\/wp-json\/wp\/v2\/pages\/2226\/revisions\/3076"}],"wp:attachment":[{"href":"https:\/\/www.mega-umform.de\/en\/wp-json\/wp\/v2\/media?parent=2226"}],"curies":[{"name":"wp","href":"https:\/\/api.w.org\/{rel}","templated":true}]}}